{"id":6,"date":"2021-10-19T02:24:20","date_gmt":"2021-10-18T23:24:20","guid":{"rendered":"https:\/\/hukukdavasi.com\/?page_id=6"},"modified":"2021-10-19T03:27:28","modified_gmt":"2021-10-19T00:27:28","slug":"hakkimizda","status":"publish","type":"page","link":"https:\/\/hukukdavasi.com\/?page_id=6","title":{"rendered":"Hakk\u0131m\u0131zda"},"content":{"rendered":"\r\n<div class=\"h-global-transition-all h-heading style-196 style-local-28-c6 position-relative h-element\" data-colibri-id=\"28-c6\">\r\n<div class=\"h-heading__outer style-196 style-local-28-c6\">\r\n<h4 class=\"\">B\u00fcnyesinde bulundurdu\u011fu bo\u015fanma avukat\u0131, aile avukat\u0131, miras avukat\u0131, gayrimenkul avukat\u0131 ve idari yarg\u0131 hukuku avukat\u0131 ile istedi\u011finiz sonu\u00e7lara h\u0131zl\u0131 bir \u015fekilde ula\u015fabilirsiniz.<\/h4>\r\n<\/div>\r\n<\/div>\r\n<div class=\"h-text h-text-component style-197 style-local-28-c7 position-relative h-element\" data-colibri-id=\"28-c7\">\r\n<div class=\"\">\r\n<p>2016&#8217;dan beri \u0130stanbul&#8217;da faaliyet g\u00f6stermektedir. Bireylere ve kurumlara \u00f6zel hukuki dan\u0131\u015fmanl\u0131k, aile ve bo\u015fanma hukuku, miras hukuku, ceza hukuku, gayrimenkul hukuku, idare hukuku, \u015firketler hukuku ve yabanc\u0131lar hukukuna kadar bir\u00e7ok alanda <strong>\u00a0TECR\u00dcBEL\u0130\u00a0<\/strong>kadrosuyla yerli ve yabanc\u0131 m\u00fcvekkillerine uzun y\u0131llard\u0131r nitelikli avukatl\u0131k hizmeti sa\u011flamaya devam etmektedir<\/p>\r\n<\/div>\r\n<\/div>\r\n<p>.<\/p>\r\n","protected":false},"excerpt":{"rendered":"<p>B\u00fcnyesinde bulundurdu\u011fu bo\u015fanma avukat\u0131, aile avukat\u0131, miras avukat\u0131, gayrimenkul avukat\u0131 ve idari yarg\u0131 hukuku avukat\u0131 ile istedi\u011finiz sonu\u00e7lara h\u0131zl\u0131 bir \u015fekilde ula\u015fabilirsiniz. 2016&#8217;dan beri \u0130stanbul&#8217;da faaliyet g\u00f6stermektedir. Bireylere ve kurumlara \u00f6zel hukuki dan\u0131\u015fmanl\u0131k, aile ve bo\u015fanma hukuku, miras hukuku, ceza hukuku, gayrimenkul hukuku, idare hukuku, \u015firketler hukuku ve yabanc\u0131lar hukukuna kadar bir\u00e7ok alanda \u00a0TECR\u00dcBEL\u0130\u00a0kadrosuyla yerli [&hellip;]<\/p>\n","protected":false},"author":1,"featured_media":0,"parent":0,"menu_order":0,"comment_status":"closed","ping_status":"closed","template":"","meta":{"spay_email":""},"_links":{"self":[{"href":"https:\/\/hukukdavasi.com\/index.php?rest_route=\/wp\/v2\/pages\/6"}],"collection":[{"href":"https:\/\/hukukdavasi.com\/index.php?rest_route=\/wp\/v2\/pages"}],"about":[{"href":"https:\/\/hukukdavasi.com\/index.php?rest_route=\/wp\/v2\/types\/page"}],"author":[{"embeddable":true,"href":"https:\/\/hukukdavasi.com\/index.php?rest_route=\/wp\/v2\/users\/1"}],"replies":[{"embeddable":true,"href":"https:\/\/hukukdavasi.com\/index.php?rest_route=%2Fwp%2Fv2%2Fcomments&post=6"}],"version-history":[{"count":3,"href":"https:\/\/hukukdavasi.com\/index.php?rest_route=\/wp\/v2\/pages\/6\/revisions"}],"predecessor-version":[{"id":147,"href":"https:\/\/hukukdavasi.com\/index.php?rest_route=\/wp\/v2\/pages\/6\/revisions\/147"}],"wp:attachment":[{"href":"https:\/\/hukukdavasi.com\/index.php?rest_route=%2Fwp%2Fv2%2Fmedia&parent=6"}],"curies":[{"name":"wp","href":"https:\/\/api.w.org\/{rel}","templated":true}]}}